{"id":1601,"date":"2016-01-27T09:41:57","date_gmt":"2016-01-27T08:41:57","guid":{"rendered":"http:\/\/www.aqualaine.be\/de\/?page_id=1601"},"modified":"2024-05-21T12:35:59","modified_gmt":"2024-05-21T10:35:59","slug":"tarife","status":"publish","type":"page","link":"https:\/\/www.aqualaine.be\/de\/tarife\/","title":{"rendered":"Tarife"},"content":{"rendered":"<h1 class=\"entry-title\">Woll- und modezentrum<\/h1>\n<ul>\n<li>Erwachsene: (26-60): 6 \u20ac<\/li>\n<li>Senioren (+ 60): 5 \u20ac<\/li>\n<li>Jugendliche (19-26): 5 \u20ac<\/li>\n<li>Kinder (6-18): 4 \u20ac<\/li>\n<li>Kinder (3-5): 1,50 \u20ac<\/li>\n<li>Kinder (-3): kostenlos<\/li>\n<\/ul>\n<h3>Gef\u00fchrter rundgang mit einem F\u00fchrer bzw. animator des ctlm<\/h3>\n<p>Pauschale 50 \u20ac (max. 25 Personen pro F\u00fchrer)<\/p>\n<p>Zug\u00e4nglich f\u00fcr Personen mit eingeschr\u00e4nkter Mobilit\u00e4t<\/p>\n","protected":false},"excerpt":{"rendered":"<p>Woll- und modezentrum Erwachsene: (26-60): 6 \u20ac Senioren (+ 60): 5 \u20ac Jugendliche (19-26): 5 \u20ac Kinder (6-18): 4 \u20ac [&hellip;]<\/p>\n","protected":false},"author":1,"featured_media":0,"parent":0,"menu_order":100,"comment_status":"closed","ping_status":"closed","template":"","meta":{"_acf_changed":false,"footnotes":""},"class_list":["post-1601","page","type-page","status-publish","hentry"],"acf":[],"yoast_head":"<!-- This site is optimized with the Yoast SEO plugin v27.4 - https:\/\/yoast.com\/product\/yoast-seo-wordpress\/ -->\n<title>Tarife - CTLM<\/title>\n<meta name=\"robots\" content=\"index, follow, max-snippet:-1, max-image-preview:large, max-video-preview:-1\" \/>\n<link rel=\"canonical\" href=\"https:\/\/www.aqualaine.be\/de\/tarife\/\" \/>\n<meta property=\"og:locale\" content=\"de_DE\" \/>\n<meta property=\"og:type\" content=\"article\" \/>\n<meta property=\"og:title\" content=\"Tarife - CTLM\" \/>\n<meta property=\"og:description\" content=\"Woll- und modezentrum Erwachsene: (26-60): 6 \u20ac Senioren (+ 60): 5 \u20ac Jugendliche (19-26): 5 \u20ac Kinder (6-18): 4 \u20ac [&hellip;]\" \/>\n<meta property=\"og:url\" content=\"https:\/\/www.aqualaine.be\/de\/tarife\/\" \/>\n<meta property=\"og:site_name\" content=\"CTLM\" \/>\n<meta property=\"article:modified_time\" content=\"2024-05-21T10:35:59+00:00\" \/>\n<meta name=\"twitter:card\" content=\"summary_large_image\" \/>\n<meta name=\"twitter:label1\" content=\"Gesch\u00e4tzte Lesezeit\" \/>\n\t<meta name=\"twitter:data1\" content=\"1\u00a0Minute\" \/>\n<script type=\"application\/ld+json\" class=\"yoast-schema-graph\">{\"@context\":\"https:\\\/\\\/schema.org\",\"@graph\":[{\"@type\":\"WebPage\",\"@id\":\"https:\\\/\\\/www.aqualaine.be\\\/de\\\/tarife\\\/\",\"url\":\"https:\\\/\\\/www.aqualaine.be\\\/de\\\/tarife\\\/\",\"name\":\"Tarife - CTLM\",\"isPartOf\":{\"@id\":\"https:\\\/\\\/www.aqualaine.be\\\/#website\"},\"datePublished\":\"2016-01-27T08:41:57+00:00\",\"dateModified\":\"2024-05-21T10:35:59+00:00\",\"breadcrumb\":{\"@id\":\"https:\\\/\\\/www.aqualaine.be\\\/de\\\/tarife\\\/#breadcrumb\"},\"inLanguage\":\"de\",\"potentialAction\":[{\"@type\":\"ReadAction\",\"target\":[\"https:\\\/\\\/www.aqualaine.be\\\/de\\\/tarife\\\/\"]}]},{\"@type\":\"BreadcrumbList\",\"@id\":\"https:\\\/\\\/www.aqualaine.be\\\/de\\\/tarife\\\/#breadcrumb\",\"itemListElement\":[{\"@type\":\"ListItem\",\"position\":1,\"name\":\"Accueil\",\"item\":\"https:\\\/\\\/www.aqualaine.be\\\/de\\\/\"},{\"@type\":\"ListItem\",\"position\":2,\"name\":\"Tarife\"}]},{\"@type\":\"WebSite\",\"@id\":\"https:\\\/\\\/www.aqualaine.be\\\/#website\",\"url\":\"https:\\\/\\\/www.aqualaine.be\\\/\",\"name\":\"CTLM\",\"description\":\"\",\"potentialAction\":[{\"@type\":\"SearchAction\",\"target\":{\"@type\":\"EntryPoint\",\"urlTemplate\":\"https:\\\/\\\/www.aqualaine.be\\\/?s={search_term_string}\"},\"query-input\":{\"@type\":\"PropertyValueSpecification\",\"valueRequired\":true,\"valueName\":\"search_term_string\"}}],\"inLanguage\":\"de\"}]}<\/script>\n<!-- \/ Yoast SEO plugin. -->","yoast_head_json":{"title":"Tarife - CTLM","robots":{"index":"index","follow":"follow","max-snippet":"max-snippet:-1","max-image-preview":"max-image-preview:large","max-video-preview":"max-video-preview:-1"},"canonical":"https:\/\/www.aqualaine.be\/de\/tarife\/","og_locale":"de_DE","og_type":"article","og_title":"Tarife - CTLM","og_description":"Woll- und modezentrum Erwachsene: (26-60): 6 \u20ac Senioren (+ 60): 5 \u20ac Jugendliche (19-26): 5 \u20ac Kinder (6-18): 4 \u20ac [&hellip;]","og_url":"https:\/\/www.aqualaine.be\/de\/tarife\/","og_site_name":"CTLM","article_modified_time":"2024-05-21T10:35:59+00:00","twitter_card":"summary_large_image","twitter_misc":{"Gesch\u00e4tzte Lesezeit":"1\u00a0Minute"},"schema":{"@context":"https:\/\/schema.org","@graph":[{"@type":"WebPage","@id":"https:\/\/www.aqualaine.be\/de\/tarife\/","url":"https:\/\/www.aqualaine.be\/de\/tarife\/","name":"Tarife - CTLM","isPartOf":{"@id":"https:\/\/www.aqualaine.be\/#website"},"datePublished":"2016-01-27T08:41:57+00:00","dateModified":"2024-05-21T10:35:59+00:00","breadcrumb":{"@id":"https:\/\/www.aqualaine.be\/de\/tarife\/#breadcrumb"},"inLanguage":"de","potentialAction":[{"@type":"ReadAction","target":["https:\/\/www.aqualaine.be\/de\/tarife\/"]}]},{"@type":"BreadcrumbList","@id":"https:\/\/www.aqualaine.be\/de\/tarife\/#breadcrumb","itemListElement":[{"@type":"ListItem","position":1,"name":"Accueil","item":"https:\/\/www.aqualaine.be\/de\/"},{"@type":"ListItem","position":2,"name":"Tarife"}]},{"@type":"WebSite","@id":"https:\/\/www.aqualaine.be\/#website","url":"https:\/\/www.aqualaine.be\/","name":"CTLM","description":"","potentialAction":[{"@type":"SearchAction","target":{"@type":"EntryPoint","urlTemplate":"https:\/\/www.aqualaine.be\/?s={search_term_string}"},"query-input":{"@type":"PropertyValueSpecification","valueRequired":true,"valueName":"search_term_string"}}],"inLanguage":"de"}]}},"_links":{"self":[{"href":"https:\/\/www.aqualaine.be\/de\/wp-json\/wp\/v2\/pages\/1601","targetHints":{"allow":["GET"]}}],"collection":[{"href":"https:\/\/www.aqualaine.be\/de\/wp-json\/wp\/v2\/pages"}],"about":[{"href":"https:\/\/www.aqualaine.be\/de\/wp-json\/wp\/v2\/types\/page"}],"author":[{"embeddable":true,"href":"https:\/\/www.aqualaine.be\/de\/wp-json\/wp\/v2\/users\/1"}],"replies":[{"embeddable":true,"href":"https:\/\/www.aqualaine.be\/de\/wp-json\/wp\/v2\/comments?post=1601"}],"version-history":[{"count":4,"href":"https:\/\/www.aqualaine.be\/de\/wp-json\/wp\/v2\/pages\/1601\/revisions"}],"predecessor-version":[{"id":5568,"href":"https:\/\/www.aqualaine.be\/de\/wp-json\/wp\/v2\/pages\/1601\/revisions\/5568"}],"wp:attachment":[{"href":"https:\/\/www.aqualaine.be\/de\/wp-json\/wp\/v2\/media?parent=1601"}],"curies":[{"name":"wp","href":"https:\/\/api.w.org\/{rel}","templated":true}]}}