{"id":1572,"date":"2016-01-27T08:48:04","date_gmt":"2016-01-27T07:48:04","guid":{"rendered":"http:\/\/www.aqualaine.be\/de\/?page_id=1572"},"modified":"2023-09-29T10:41:03","modified_gmt":"2023-09-29T08:41:03","slug":"dokumentationszentrum","status":"publish","type":"page","link":"https:\/\/www.aqualaine.be\/de\/dokumentationszentrum\/","title":{"rendered":"Dokumentationszentrum"},"content":{"rendered":"<p>Das Dokumentationszentrum der Wolle birgt die Sch\u00e4tze der glorreichen Vergangenheit unserer Wollstadt. Ein jeder findet dort, wonach er sucht: Der Sch\u00fcler auf der Suche nach Dokumentation f\u00fcr ein Schulreferat und der Student f\u00fcr seine eingehenden Nachforschungen oder auch nur, um seinen Wissensdurst in Bezug auf die lokale Geschichte zu stillen.<\/p>\n<p>Um auf Ihre unz\u00e4hligen Fragen zu antworten, stellt das Dokumentationszentrum der Wolle \u00fcber 3000 Werke zu Ihrer Verf\u00fcgung, in denen soziale, wirtschaftliche und technische Aspekte der Textilindustrie behandelt werden.<\/p>\n<p>Dort sind unter anderem die Archive der \u201eEcole Sup\u00e9rieure des Textiles de Verviers\u201c, der \u201eF\u00e9d\u00e9ration Patronale du Textile\u201c und der 17 ehemaligen Textilunternehmen von Verviers sowie der Fonds Dethier, der Unterlagen des 17. Jahrhunderts z\u00e4hlt, untergebracht.<\/p>\n<p>Ein bedeutender sozio\u00f6konomischer Teilbereich wurde im Fonds Ren\u00e9 Dawant und Jacques Wynants entwickelt, der den Schwerpunkt auf Streiks und die Entwicklung der Lebensverh\u00e4ltnisse von Arbeitern im 20. Jahrhundert sowie die Ursachen f\u00fcr den R\u00fcckgang unserer Textilindustrie legt.<\/p>\n<p>Die Stadt Verviers verwaltet den Zugang zu dem im CTLM aufbewahrten Fonds\u00a0(Link\u00a0<a href=\"http:\/\/www.verviers.be\/loisirs\/culture\/musees\">hier<\/a>)<\/p>\n<ul>\n<li>Einsichtnahme nur vor Ort<\/li>\n<li>Kostenloser Zugang<\/li>\n<li>Fotokopien (0,13 EUR\/A4)<\/li>\n<\/ul>\n","protected":false},"excerpt":{"rendered":"<p>Das Dokumentationszentrum der Wolle birgt die Sch\u00e4tze der glorreichen Vergangenheit unserer Wollstadt. Ein jeder findet dort, wonach er sucht: Der [&hellip;]<\/p>\n","protected":false},"author":1,"featured_media":0,"parent":0,"menu_order":77,"comment_status":"closed","ping_status":"closed","template":"","meta":{"_acf_changed":false,"footnotes":""},"class_list":["post-1572","page","type-page","status-publish","hentry"],"acf":[],"yoast_head":"<!-- This site is optimized with the Yoast SEO plugin v27.5 - https:\/\/yoast.com\/product\/yoast-seo-wordpress\/ -->\n<title>Dokumentationszentrum - CTLM<\/title>\n<meta name=\"robots\" content=\"index, follow, max-snippet:-1, max-image-preview:large, max-video-preview:-1\" \/>\n<link rel=\"canonical\" href=\"https:\/\/www.aqualaine.be\/centre-de-documentation\/\" \/>\n<meta property=\"og:locale\" content=\"de_DE\" \/>\n<meta property=\"og:type\" content=\"article\" \/>\n<meta property=\"og:title\" content=\"Dokumentationszentrum - CTLM\" \/>\n<meta property=\"og:description\" content=\"Das Dokumentationszentrum der Wolle birgt die Sch\u00e4tze der glorreichen Vergangenheit unserer Wollstadt. Ein jeder findet dort, wonach er sucht: Der [&hellip;]\" \/>\n<meta property=\"og:url\" content=\"https:\/\/www.aqualaine.be\/centre-de-documentation\/\" \/>\n<meta property=\"og:site_name\" content=\"CTLM\" \/>\n<meta property=\"article:modified_time\" content=\"2023-09-29T08:41:03+00:00\" \/>\n<meta name=\"twitter:card\" content=\"summary_large_image\" \/>\n<meta name=\"twitter:label1\" content=\"Gesch\u00e4tzte Lesezeit\" \/>\n\t<meta name=\"twitter:data1\" content=\"1\u00a0Minute\" \/>\n<script type=\"application\/ld+json\" class=\"yoast-schema-graph\">{\"@context\":\"https:\\\/\\\/schema.org\",\"@graph\":[{\"@type\":\"WebPage\",\"@id\":\"https:\\\/\\\/www.aqualaine.be\\\/centre-de-documentation\\\/\",\"url\":\"https:\\\/\\\/www.aqualaine.be\\\/centre-de-documentation\\\/\",\"name\":\"Dokumentationszentrum - CTLM\",\"isPartOf\":{\"@id\":\"https:\\\/\\\/www.aqualaine.be\\\/#website\"},\"datePublished\":\"2016-01-27T07:48:04+00:00\",\"dateModified\":\"2023-09-29T08:41:03+00:00\",\"breadcrumb\":{\"@id\":\"https:\\\/\\\/www.aqualaine.be\\\/centre-de-documentation\\\/#breadcrumb\"},\"inLanguage\":\"de\",\"potentialAction\":[{\"@type\":\"ReadAction\",\"target\":[\"https:\\\/\\\/www.aqualaine.be\\\/centre-de-documentation\\\/\"]}]},{\"@type\":\"BreadcrumbList\",\"@id\":\"https:\\\/\\\/www.aqualaine.be\\\/centre-de-documentation\\\/#breadcrumb\",\"itemListElement\":[{\"@type\":\"ListItem\",\"position\":1,\"name\":\"Accueil\",\"item\":\"https:\\\/\\\/www.aqualaine.be\\\/de\\\/\"},{\"@type\":\"ListItem\",\"position\":2,\"name\":\"Dokumentationszentrum\"}]},{\"@type\":\"WebSite\",\"@id\":\"https:\\\/\\\/www.aqualaine.be\\\/#website\",\"url\":\"https:\\\/\\\/www.aqualaine.be\\\/\",\"name\":\"CTLM\",\"description\":\"\",\"potentialAction\":[{\"@type\":\"SearchAction\",\"target\":{\"@type\":\"EntryPoint\",\"urlTemplate\":\"https:\\\/\\\/www.aqualaine.be\\\/?s={search_term_string}\"},\"query-input\":{\"@type\":\"PropertyValueSpecification\",\"valueRequired\":true,\"valueName\":\"search_term_string\"}}],\"inLanguage\":\"de\"}]}<\/script>\n<!-- \/ Yoast SEO plugin. -->","yoast_head_json":{"title":"Dokumentationszentrum - CTLM","robots":{"index":"index","follow":"follow","max-snippet":"max-snippet:-1","max-image-preview":"max-image-preview:large","max-video-preview":"max-video-preview:-1"},"canonical":"https:\/\/www.aqualaine.be\/centre-de-documentation\/","og_locale":"de_DE","og_type":"article","og_title":"Dokumentationszentrum - CTLM","og_description":"Das Dokumentationszentrum der Wolle birgt die Sch\u00e4tze der glorreichen Vergangenheit unserer Wollstadt. Ein jeder findet dort, wonach er sucht: Der [&hellip;]","og_url":"https:\/\/www.aqualaine.be\/centre-de-documentation\/","og_site_name":"CTLM","article_modified_time":"2023-09-29T08:41:03+00:00","twitter_card":"summary_large_image","twitter_misc":{"Gesch\u00e4tzte Lesezeit":"1\u00a0Minute"},"schema":{"@context":"https:\/\/schema.org","@graph":[{"@type":"WebPage","@id":"https:\/\/www.aqualaine.be\/centre-de-documentation\/","url":"https:\/\/www.aqualaine.be\/centre-de-documentation\/","name":"Dokumentationszentrum - CTLM","isPartOf":{"@id":"https:\/\/www.aqualaine.be\/#website"},"datePublished":"2016-01-27T07:48:04+00:00","dateModified":"2023-09-29T08:41:03+00:00","breadcrumb":{"@id":"https:\/\/www.aqualaine.be\/centre-de-documentation\/#breadcrumb"},"inLanguage":"de","potentialAction":[{"@type":"ReadAction","target":["https:\/\/www.aqualaine.be\/centre-de-documentation\/"]}]},{"@type":"BreadcrumbList","@id":"https:\/\/www.aqualaine.be\/centre-de-documentation\/#breadcrumb","itemListElement":[{"@type":"ListItem","position":1,"name":"Accueil","item":"https:\/\/www.aqualaine.be\/de\/"},{"@type":"ListItem","position":2,"name":"Dokumentationszentrum"}]},{"@type":"WebSite","@id":"https:\/\/www.aqualaine.be\/#website","url":"https:\/\/www.aqualaine.be\/","name":"CTLM","description":"","potentialAction":[{"@type":"SearchAction","target":{"@type":"EntryPoint","urlTemplate":"https:\/\/www.aqualaine.be\/?s={search_term_string}"},"query-input":{"@type":"PropertyValueSpecification","valueRequired":true,"valueName":"search_term_string"}}],"inLanguage":"de"}]}},"_links":{"self":[{"href":"https:\/\/www.aqualaine.be\/de\/wp-json\/wp\/v2\/pages\/1572","targetHints":{"allow":["GET"]}}],"collection":[{"href":"https:\/\/www.aqualaine.be\/de\/wp-json\/wp\/v2\/pages"}],"about":[{"href":"https:\/\/www.aqualaine.be\/de\/wp-json\/wp\/v2\/types\/page"}],"author":[{"embeddable":true,"href":"https:\/\/www.aqualaine.be\/de\/wp-json\/wp\/v2\/users\/1"}],"replies":[{"embeddable":true,"href":"https:\/\/www.aqualaine.be\/de\/wp-json\/wp\/v2\/comments?post=1572"}],"version-history":[{"count":1,"href":"https:\/\/www.aqualaine.be\/de\/wp-json\/wp\/v2\/pages\/1572\/revisions"}],"predecessor-version":[{"id":1573,"href":"https:\/\/www.aqualaine.be\/de\/wp-json\/wp\/v2\/pages\/1572\/revisions\/1573"}],"wp:attachment":[{"href":"https:\/\/www.aqualaine.be\/de\/wp-json\/wp\/v2\/media?parent=1572"}],"curies":[{"name":"wp","href":"https:\/\/api.w.org\/{rel}","templated":true}]}}