{"id":1557,"date":"2016-01-26T17:55:28","date_gmt":"2016-01-26T16:55:28","guid":{"rendered":"http:\/\/www.aqualaine.be\/de\/?page_id=1557"},"modified":"2023-09-29T10:41:00","modified_gmt":"2023-09-29T08:41:00","slug":"geburtstagsformel","status":"publish","type":"page","link":"https:\/\/www.aqualaine.be\/de\/geburtstagsformel\/","title":{"rendered":"Geburtstagsformel"},"content":{"rendered":"<p>Der Star des Tages, Ihr Kind, l\u00e4dt seine Freunde und Freundinnen in die Modewelt ein: ein gef\u00fchrter Vorstellungsrundgang mit Unterhaltungsprogramm wie dem Anprobieren der Kost\u00fcme. Vergessen Sie Ihren Fotoapparat nicht, um diese unvergesslichen Augenblicke festzuhalten!<\/p>\n<p>Ist Ihr Nachwuchs eher ein Entdecker? Dann wird es ihm wohl besondere Freude bereiten, mit seinen G\u00e4sten als \u201eWollvertreter\u201c durch die Lande zu ziehen auf der Suche nach der besten Wolle. Der Vorstellungsrundgang ist sowohl unterhaltsam als auch lehrreich und die Kleinen erfahren alles \u00fcber Schafe und die Arbeit rund um den Wollfaden in der Vergangenheit und heute.<\/p>\n<p>Mitgebrachte Erfrischungen und St\u00e4rkungen k\u00f6nnen nach dem Unterhaltungsprogramm in der Cafeteria des CTLM verzehrt werden.<\/p>\n<h2>Praktische Infos<\/h2>\n<p><strong>Reservierung unter der Rufnummer:<\/strong>\u00a0087\/30.79.20, mindestens 15 Tage vor dem geplanten Datum.<br \/>\n<strong>Preis:<\/strong>\u00a0<span class=\"hps\">Eintrittspreis <\/span> <span class=\"hps\">pro Person<\/span> + 30 \u20ac<\/p>\n","protected":false},"excerpt":{"rendered":"<p>Der Star des Tages, Ihr Kind, l\u00e4dt seine Freunde und Freundinnen in die Modewelt ein: ein gef\u00fchrter Vorstellungsrundgang mit Unterhaltungsprogramm [&hellip;]<\/p>\n","protected":false},"author":1,"featured_media":4260,"parent":0,"menu_order":47,"comment_status":"closed","ping_status":"closed","template":"","meta":{"_acf_changed":false,"footnotes":""},"class_list":["post-1557","page","type-page","status-publish","has-post-thumbnail","hentry"],"acf":[],"yoast_head":"<!-- This site is optimized with the Yoast SEO plugin v27.5 - https:\/\/yoast.com\/product\/yoast-seo-wordpress\/ -->\n<title>Geburtstagsformel - CTLM<\/title>\n<meta name=\"robots\" content=\"index, follow, max-snippet:-1, max-image-preview:large, max-video-preview:-1\" \/>\n<link rel=\"canonical\" href=\"https:\/\/www.aqualaine.be\/formule-anniversaire\/\" \/>\n<meta property=\"og:locale\" content=\"de_DE\" \/>\n<meta property=\"og:type\" content=\"article\" \/>\n<meta property=\"og:title\" content=\"Geburtstagsformel - CTLM\" \/>\n<meta property=\"og:description\" content=\"Der Star des Tages, Ihr Kind, l\u00e4dt seine Freunde und Freundinnen in die Modewelt ein: ein gef\u00fchrter Vorstellungsrundgang mit Unterhaltungsprogramm [&hellip;]\" \/>\n<meta property=\"og:url\" content=\"https:\/\/www.aqualaine.be\/formule-anniversaire\/\" \/>\n<meta property=\"og:site_name\" content=\"CTLM\" \/>\n<meta property=\"article:modified_time\" content=\"2023-09-29T08:41:00+00:00\" \/>\n<meta property=\"og:image\" content=\"https:\/\/www.aqualaine.be\/wp-content\/uploads\/2014\/04\/ntqbknsxicw-stephanie-mccabe_1.jpg\" \/>\n\t<meta property=\"og:image:width\" content=\"450\" \/>\n\t<meta property=\"og:image:height\" content=\"300\" \/>\n\t<meta property=\"og:image:type\" content=\"image\/jpeg\" \/>\n<meta name=\"twitter:card\" content=\"summary_large_image\" \/>\n<meta name=\"twitter:label1\" content=\"Gesch\u00e4tzte Lesezeit\" \/>\n\t<meta name=\"twitter:data1\" content=\"1\u00a0Minute\" \/>\n<script type=\"application\/ld+json\" class=\"yoast-schema-graph\">{\"@context\":\"https:\\\/\\\/schema.org\",\"@graph\":[{\"@type\":\"WebPage\",\"@id\":\"https:\\\/\\\/www.aqualaine.be\\\/formule-anniversaire\\\/\",\"url\":\"https:\\\/\\\/www.aqualaine.be\\\/formule-anniversaire\\\/\",\"name\":\"Geburtstagsformel - CTLM\",\"isPartOf\":{\"@id\":\"https:\\\/\\\/www.aqualaine.be\\\/#website\"},\"primaryImageOfPage\":{\"@id\":\"https:\\\/\\\/www.aqualaine.be\\\/formule-anniversaire\\\/#primaryimage\"},\"image\":{\"@id\":\"https:\\\/\\\/www.aqualaine.be\\\/formule-anniversaire\\\/#primaryimage\"},\"thumbnailUrl\":\"https:\\\/\\\/www.aqualaine.be\\\/wp-content\\\/uploads\\\/2014\\\/04\\\/ntqbknsxicw-stephanie-mccabe_1.jpg\",\"datePublished\":\"2016-01-26T16:55:28+00:00\",\"dateModified\":\"2023-09-29T08:41:00+00:00\",\"breadcrumb\":{\"@id\":\"https:\\\/\\\/www.aqualaine.be\\\/formule-anniversaire\\\/#breadcrumb\"},\"inLanguage\":\"de\",\"potentialAction\":[{\"@type\":\"ReadAction\",\"target\":[\"https:\\\/\\\/www.aqualaine.be\\\/formule-anniversaire\\\/\"]}]},{\"@type\":\"ImageObject\",\"inLanguage\":\"de\",\"@id\":\"https:\\\/\\\/www.aqualaine.be\\\/formule-anniversaire\\\/#primaryimage\",\"url\":\"https:\\\/\\\/www.aqualaine.be\\\/wp-content\\\/uploads\\\/2014\\\/04\\\/ntqbknsxicw-stephanie-mccabe_1.jpg\",\"contentUrl\":\"https:\\\/\\\/www.aqualaine.be\\\/wp-content\\\/uploads\\\/2014\\\/04\\\/ntqbknsxicw-stephanie-mccabe_1.jpg\",\"width\":450,\"height\":300},{\"@type\":\"BreadcrumbList\",\"@id\":\"https:\\\/\\\/www.aqualaine.be\\\/formule-anniversaire\\\/#breadcrumb\",\"itemListElement\":[{\"@type\":\"ListItem\",\"position\":1,\"name\":\"Accueil\",\"item\":\"https:\\\/\\\/www.aqualaine.be\\\/de\\\/\"},{\"@type\":\"ListItem\",\"position\":2,\"name\":\"Geburtstagsformel\"}]},{\"@type\":\"WebSite\",\"@id\":\"https:\\\/\\\/www.aqualaine.be\\\/#website\",\"url\":\"https:\\\/\\\/www.aqualaine.be\\\/\",\"name\":\"CTLM\",\"description\":\"\",\"potentialAction\":[{\"@type\":\"SearchAction\",\"target\":{\"@type\":\"EntryPoint\",\"urlTemplate\":\"https:\\\/\\\/www.aqualaine.be\\\/?s={search_term_string}\"},\"query-input\":{\"@type\":\"PropertyValueSpecification\",\"valueRequired\":true,\"valueName\":\"search_term_string\"}}],\"inLanguage\":\"de\"}]}<\/script>\n<!-- \/ Yoast SEO plugin. -->","yoast_head_json":{"title":"Geburtstagsformel - CTLM","robots":{"index":"index","follow":"follow","max-snippet":"max-snippet:-1","max-image-preview":"max-image-preview:large","max-video-preview":"max-video-preview:-1"},"canonical":"https:\/\/www.aqualaine.be\/formule-anniversaire\/","og_locale":"de_DE","og_type":"article","og_title":"Geburtstagsformel - CTLM","og_description":"Der Star des Tages, Ihr Kind, l\u00e4dt seine Freunde und Freundinnen in die Modewelt ein: ein gef\u00fchrter Vorstellungsrundgang mit Unterhaltungsprogramm [&hellip;]","og_url":"https:\/\/www.aqualaine.be\/formule-anniversaire\/","og_site_name":"CTLM","article_modified_time":"2023-09-29T08:41:00+00:00","og_image":[{"width":450,"height":300,"url":"https:\/\/www.aqualaine.be\/wp-content\/uploads\/2014\/04\/ntqbknsxicw-stephanie-mccabe_1.jpg","type":"image\/jpeg"}],"twitter_card":"summary_large_image","twitter_misc":{"Gesch\u00e4tzte Lesezeit":"1\u00a0Minute"},"schema":{"@context":"https:\/\/schema.org","@graph":[{"@type":"WebPage","@id":"https:\/\/www.aqualaine.be\/formule-anniversaire\/","url":"https:\/\/www.aqualaine.be\/formule-anniversaire\/","name":"Geburtstagsformel - CTLM","isPartOf":{"@id":"https:\/\/www.aqualaine.be\/#website"},"primaryImageOfPage":{"@id":"https:\/\/www.aqualaine.be\/formule-anniversaire\/#primaryimage"},"image":{"@id":"https:\/\/www.aqualaine.be\/formule-anniversaire\/#primaryimage"},"thumbnailUrl":"https:\/\/www.aqualaine.be\/wp-content\/uploads\/2014\/04\/ntqbknsxicw-stephanie-mccabe_1.jpg","datePublished":"2016-01-26T16:55:28+00:00","dateModified":"2023-09-29T08:41:00+00:00","breadcrumb":{"@id":"https:\/\/www.aqualaine.be\/formule-anniversaire\/#breadcrumb"},"inLanguage":"de","potentialAction":[{"@type":"ReadAction","target":["https:\/\/www.aqualaine.be\/formule-anniversaire\/"]}]},{"@type":"ImageObject","inLanguage":"de","@id":"https:\/\/www.aqualaine.be\/formule-anniversaire\/#primaryimage","url":"https:\/\/www.aqualaine.be\/wp-content\/uploads\/2014\/04\/ntqbknsxicw-stephanie-mccabe_1.jpg","contentUrl":"https:\/\/www.aqualaine.be\/wp-content\/uploads\/2014\/04\/ntqbknsxicw-stephanie-mccabe_1.jpg","width":450,"height":300},{"@type":"BreadcrumbList","@id":"https:\/\/www.aqualaine.be\/formule-anniversaire\/#breadcrumb","itemListElement":[{"@type":"ListItem","position":1,"name":"Accueil","item":"https:\/\/www.aqualaine.be\/de\/"},{"@type":"ListItem","position":2,"name":"Geburtstagsformel"}]},{"@type":"WebSite","@id":"https:\/\/www.aqualaine.be\/#website","url":"https:\/\/www.aqualaine.be\/","name":"CTLM","description":"","potentialAction":[{"@type":"SearchAction","target":{"@type":"EntryPoint","urlTemplate":"https:\/\/www.aqualaine.be\/?s={search_term_string}"},"query-input":{"@type":"PropertyValueSpecification","valueRequired":true,"valueName":"search_term_string"}}],"inLanguage":"de"}]}},"_links":{"self":[{"href":"https:\/\/www.aqualaine.be\/de\/wp-json\/wp\/v2\/pages\/1557","targetHints":{"allow":["GET"]}}],"collection":[{"href":"https:\/\/www.aqualaine.be\/de\/wp-json\/wp\/v2\/pages"}],"about":[{"href":"https:\/\/www.aqualaine.be\/de\/wp-json\/wp\/v2\/types\/page"}],"author":[{"embeddable":true,"href":"https:\/\/www.aqualaine.be\/de\/wp-json\/wp\/v2\/users\/1"}],"replies":[{"embeddable":true,"href":"https:\/\/www.aqualaine.be\/de\/wp-json\/wp\/v2\/comments?post=1557"}],"version-history":[{"count":3,"href":"https:\/\/www.aqualaine.be\/de\/wp-json\/wp\/v2\/pages\/1557\/revisions"}],"predecessor-version":[{"id":1679,"href":"https:\/\/www.aqualaine.be\/de\/wp-json\/wp\/v2\/pages\/1557\/revisions\/1679"}],"wp:featuredmedia":[{"embeddable":true,"href":"https:\/\/www.aqualaine.be\/de\/wp-json\/wp\/v2\/media\/4260"}],"wp:attachment":[{"href":"https:\/\/www.aqualaine.be\/de\/wp-json\/wp\/v2\/media?parent=1557"}],"curies":[{"name":"wp","href":"https:\/\/api.w.org\/{rel}","templated":true}]}}