{"id":1555,"date":"2016-01-26T17:54:06","date_gmt":"2016-01-26T16:54:06","guid":{"rendered":"http:\/\/www.aqualaine.be\/de\/?page_id=1555"},"modified":"2023-09-29T10:41:04","modified_gmt":"2023-09-29T08:41:04","slug":"gruppe","status":"publish","type":"page","link":"https:\/\/www.aqualaine.be\/de\/gruppe\/","title":{"rendered":"Gruppe"},"content":{"rendered":"<p>Das CTLM-Team begr\u00fc\u00dft Ihre Gruppe und begibt sich mit ihr auf die Entdeckung des Vorf\u00fchrungsrundgangs.<br \/>\nZwei Besichtigungsformeln werden angeboten und zwar:<\/p>\n<ul>\n<li>in Begleitung eines qualifizierten F\u00fchrers (Pauschale von 50 \u20ac, maximal 25 Personen pro F\u00fchrer)<\/li>\n<li>mit einem Audio Guide (in vier Sprachen: FR-NL-EN-DE verf\u00fcgbar)<\/li>\n<\/ul>\n<p>Die Cafeteria steht den Gruppen auf einfache Anfrage hin f\u00fcr ein Picknick oder einen Imbiss zur Verf\u00fcgung. Es ist auch m\u00f6glich, nach Absprache mit verschiedenen Vertretern der \u00f6rtlichen Gastronomie im CTLM zu fr\u00fchst\u00fccken oder einen Nachmittagsimbiss einzunehmen. Sie haben die Wahl zwischen verschiedenen M\u00f6glichkeiten und Sie brauchen sich nur noch f\u00fcr das zu entscheiden, was Ihnen den Mund w\u00e4sserig macht!<\/p>\n<h2>Praktische Infos<\/h2>\n<pre><strong>Reservierung:<\/strong> mindestens 15 Tage vor dem geplanten DatumMontags sind Besichtigungen nur f\u00fcr Gruppen mit Reservierung m\u00f6glich<\/pre>\n","protected":false},"excerpt":{"rendered":"<p>Das CTLM-Team begr\u00fc\u00dft Ihre Gruppe und begibt sich mit ihr auf die Entdeckung des Vorf\u00fchrungsrundgangs. Zwei Besichtigungsformeln werden angeboten und [&hellip;]<\/p>\n","protected":false},"author":1,"featured_media":0,"parent":0,"menu_order":94,"comment_status":"closed","ping_status":"closed","template":"","meta":{"_acf_changed":false,"footnotes":""},"class_list":["post-1555","page","type-page","status-publish","hentry"],"acf":[],"yoast_head":"<!-- This site is optimized with the Yoast SEO plugin v27.4 - https:\/\/yoast.com\/product\/yoast-seo-wordpress\/ -->\n<title>Gruppe - CTLM<\/title>\n<meta name=\"robots\" content=\"index, follow, max-snippet:-1, max-image-preview:large, max-video-preview:-1\" \/>\n<link rel=\"canonical\" href=\"https:\/\/www.aqualaine.be\/groupe\/\" \/>\n<meta property=\"og:locale\" content=\"de_DE\" \/>\n<meta property=\"og:type\" content=\"article\" \/>\n<meta property=\"og:title\" content=\"Gruppe - CTLM\" \/>\n<meta property=\"og:description\" content=\"Das CTLM-Team begr\u00fc\u00dft Ihre Gruppe und begibt sich mit ihr auf die Entdeckung des Vorf\u00fchrungsrundgangs. Zwei Besichtigungsformeln werden angeboten und [&hellip;]\" \/>\n<meta property=\"og:url\" content=\"https:\/\/www.aqualaine.be\/groupe\/\" \/>\n<meta property=\"og:site_name\" content=\"CTLM\" \/>\n<meta property=\"article:modified_time\" content=\"2023-09-29T08:41:04+00:00\" \/>\n<meta name=\"twitter:card\" content=\"summary_large_image\" \/>\n<meta name=\"twitter:label1\" content=\"Gesch\u00e4tzte Lesezeit\" \/>\n\t<meta name=\"twitter:data1\" content=\"1\u00a0Minute\" \/>\n<script type=\"application\/ld+json\" class=\"yoast-schema-graph\">{\"@context\":\"https:\\\/\\\/schema.org\",\"@graph\":[{\"@type\":\"WebPage\",\"@id\":\"https:\\\/\\\/www.aqualaine.be\\\/groupe\\\/\",\"url\":\"https:\\\/\\\/www.aqualaine.be\\\/groupe\\\/\",\"name\":\"Gruppe - CTLM\",\"isPartOf\":{\"@id\":\"https:\\\/\\\/www.aqualaine.be\\\/#website\"},\"datePublished\":\"2016-01-26T16:54:06+00:00\",\"dateModified\":\"2023-09-29T08:41:04+00:00\",\"breadcrumb\":{\"@id\":\"https:\\\/\\\/www.aqualaine.be\\\/groupe\\\/#breadcrumb\"},\"inLanguage\":\"de\",\"potentialAction\":[{\"@type\":\"ReadAction\",\"target\":[\"https:\\\/\\\/www.aqualaine.be\\\/groupe\\\/\"]}]},{\"@type\":\"BreadcrumbList\",\"@id\":\"https:\\\/\\\/www.aqualaine.be\\\/groupe\\\/#breadcrumb\",\"itemListElement\":[{\"@type\":\"ListItem\",\"position\":1,\"name\":\"Accueil\",\"item\":\"https:\\\/\\\/www.aqualaine.be\\\/de\\\/\"},{\"@type\":\"ListItem\",\"position\":2,\"name\":\"Gruppe\"}]},{\"@type\":\"WebSite\",\"@id\":\"https:\\\/\\\/www.aqualaine.be\\\/#website\",\"url\":\"https:\\\/\\\/www.aqualaine.be\\\/\",\"name\":\"CTLM\",\"description\":\"\",\"potentialAction\":[{\"@type\":\"SearchAction\",\"target\":{\"@type\":\"EntryPoint\",\"urlTemplate\":\"https:\\\/\\\/www.aqualaine.be\\\/?s={search_term_string}\"},\"query-input\":{\"@type\":\"PropertyValueSpecification\",\"valueRequired\":true,\"valueName\":\"search_term_string\"}}],\"inLanguage\":\"de\"}]}<\/script>\n<!-- \/ Yoast SEO plugin. -->","yoast_head_json":{"title":"Gruppe - CTLM","robots":{"index":"index","follow":"follow","max-snippet":"max-snippet:-1","max-image-preview":"max-image-preview:large","max-video-preview":"max-video-preview:-1"},"canonical":"https:\/\/www.aqualaine.be\/groupe\/","og_locale":"de_DE","og_type":"article","og_title":"Gruppe - CTLM","og_description":"Das CTLM-Team begr\u00fc\u00dft Ihre Gruppe und begibt sich mit ihr auf die Entdeckung des Vorf\u00fchrungsrundgangs. Zwei Besichtigungsformeln werden angeboten und [&hellip;]","og_url":"https:\/\/www.aqualaine.be\/groupe\/","og_site_name":"CTLM","article_modified_time":"2023-09-29T08:41:04+00:00","twitter_card":"summary_large_image","twitter_misc":{"Gesch\u00e4tzte Lesezeit":"1\u00a0Minute"},"schema":{"@context":"https:\/\/schema.org","@graph":[{"@type":"WebPage","@id":"https:\/\/www.aqualaine.be\/groupe\/","url":"https:\/\/www.aqualaine.be\/groupe\/","name":"Gruppe - CTLM","isPartOf":{"@id":"https:\/\/www.aqualaine.be\/#website"},"datePublished":"2016-01-26T16:54:06+00:00","dateModified":"2023-09-29T08:41:04+00:00","breadcrumb":{"@id":"https:\/\/www.aqualaine.be\/groupe\/#breadcrumb"},"inLanguage":"de","potentialAction":[{"@type":"ReadAction","target":["https:\/\/www.aqualaine.be\/groupe\/"]}]},{"@type":"BreadcrumbList","@id":"https:\/\/www.aqualaine.be\/groupe\/#breadcrumb","itemListElement":[{"@type":"ListItem","position":1,"name":"Accueil","item":"https:\/\/www.aqualaine.be\/de\/"},{"@type":"ListItem","position":2,"name":"Gruppe"}]},{"@type":"WebSite","@id":"https:\/\/www.aqualaine.be\/#website","url":"https:\/\/www.aqualaine.be\/","name":"CTLM","description":"","potentialAction":[{"@type":"SearchAction","target":{"@type":"EntryPoint","urlTemplate":"https:\/\/www.aqualaine.be\/?s={search_term_string}"},"query-input":{"@type":"PropertyValueSpecification","valueRequired":true,"valueName":"search_term_string"}}],"inLanguage":"de"}]}},"_links":{"self":[{"href":"https:\/\/www.aqualaine.be\/de\/wp-json\/wp\/v2\/pages\/1555","targetHints":{"allow":["GET"]}}],"collection":[{"href":"https:\/\/www.aqualaine.be\/de\/wp-json\/wp\/v2\/pages"}],"about":[{"href":"https:\/\/www.aqualaine.be\/de\/wp-json\/wp\/v2\/types\/page"}],"author":[{"embeddable":true,"href":"https:\/\/www.aqualaine.be\/de\/wp-json\/wp\/v2\/users\/1"}],"replies":[{"embeddable":true,"href":"https:\/\/www.aqualaine.be\/de\/wp-json\/wp\/v2\/comments?post=1555"}],"version-history":[{"count":1,"href":"https:\/\/www.aqualaine.be\/de\/wp-json\/wp\/v2\/pages\/1555\/revisions"}],"predecessor-version":[{"id":1556,"href":"https:\/\/www.aqualaine.be\/de\/wp-json\/wp\/v2\/pages\/1555\/revisions\/1556"}],"wp:attachment":[{"href":"https:\/\/www.aqualaine.be\/de\/wp-json\/wp\/v2\/media?parent=1555"}],"curies":[{"name":"wp","href":"https:\/\/api.w.org\/{rel}","templated":true}]}}