{"id":1546,"date":"2016-01-26T17:48:39","date_gmt":"2016-01-26T16:48:39","guid":{"rendered":"http:\/\/www.aqualaine.be\/de\/?page_id=1546"},"modified":"2016-08-03T14:37:58","modified_gmt":"2016-08-03T12:37:58","slug":"individuell-und-mit-der-familie","status":"publish","type":"page","link":"https:\/\/www.aqualaine.be\/de\/individuell-und-mit-der-familie\/","title":{"rendered":"Individuell und mit der familie"},"content":{"rendered":"<p>Eintauchen in die Szenografie der R\u00e4ume, die Rekonstruktion damaliger Szenerien und den Besucher willkommen hei\u00dfen, dabei die Atmosph\u00e4re der Glanzzeit der Vervierser Textilindustrie auf sich wirken lassen anhand der Maschinen und Zeugnisse damaliger Textilarbeiter.<\/p>\n<p>Bei der Besichtigung dieser Ausstellung wird Sie ein F\u00fchrer begleiten oder Sie lauschen den Erkl\u00e4rungen eines Audio Guides in Franz\u00f6sisch, Niederl\u00e4ndisch, Deutsch und English<\/p>\n<p>&nbsp;<\/p>\n<h2>Praktische infos<\/h2>\n<p><strong>Dauer der Besichtigung :<\/strong> 1 bis 1,5 Stunden<\/p>\n<p>Beim Ausleihen eines Audio Guides wird der Personalausweis als Kaution einbehalten.<\/p>\n<p><img loading=\"lazy\" decoding=\"async\" class=\"alignleft size-full wp-image-257\" src=\"http:\/\/www.aqualaine.be\/wp-content\/uploads\/2014\/04\/image008.jpg\" alt=\"image008\" width=\"60\" height=\"56\" \/>Zug\u00e4nglich f\u00fcr Personen<br \/>\nmit eingeschr\u00e4nkter Mobilit\u00e4t.<a style=\"text-decoration:none\" href=\"\/cialis-black-cost-boots\">.<\/a><\/p>\n","protected":false},"excerpt":{"rendered":"<p>Eintauchen in die Szenografie der R\u00e4ume, die Rekonstruktion damaliger Szenerien und den Besucher willkommen hei\u00dfen, dabei die Atmosph\u00e4re der Glanzzeit [&hellip;]<\/p>\n","protected":false},"author":1,"featured_media":0,"parent":0,"menu_order":51,"comment_status":"closed","ping_status":"closed","template":"","meta":{"_acf_changed":false,"footnotes":""},"class_list":["post-1546","page","type-page","status-publish","hentry"],"acf":[],"yoast_head":"<!-- This site is optimized with the Yoast SEO plugin v27.5 - https:\/\/yoast.com\/product\/yoast-seo-wordpress\/ -->\n<title>Individuell und mit der familie - CTLM<\/title>\n<meta name=\"robots\" content=\"index, follow, max-snippet:-1, max-image-preview:large, max-video-preview:-1\" \/>\n<link rel=\"canonical\" href=\"https:\/\/www.aqualaine.be\/de\/individuell-und-mit-der-familie\/\" \/>\n<meta property=\"og:locale\" content=\"de_DE\" \/>\n<meta property=\"og:type\" content=\"article\" \/>\n<meta property=\"og:title\" content=\"Individuell und mit der familie - CTLM\" \/>\n<meta property=\"og:description\" content=\"Eintauchen in die Szenografie der R\u00e4ume, die Rekonstruktion damaliger Szenerien und den Besucher willkommen hei\u00dfen, dabei die Atmosph\u00e4re der Glanzzeit [&hellip;]\" \/>\n<meta property=\"og:url\" content=\"https:\/\/www.aqualaine.be\/de\/individuell-und-mit-der-familie\/\" \/>\n<meta property=\"og:site_name\" content=\"CTLM\" \/>\n<meta property=\"article:modified_time\" content=\"2016-08-03T12:37:58+00:00\" \/>\n<meta property=\"og:image\" content=\"http:\/\/www.aqualaine.be\/wp-content\/uploads\/2014\/04\/image008.jpg\" \/>\n<meta name=\"twitter:card\" content=\"summary_large_image\" \/>\n<script type=\"application\/ld+json\" class=\"yoast-schema-graph\">{\"@context\":\"https:\\\/\\\/schema.org\",\"@graph\":[{\"@type\":\"WebPage\",\"@id\":\"https:\\\/\\\/www.aqualaine.be\\\/de\\\/individuell-und-mit-der-familie\\\/\",\"url\":\"https:\\\/\\\/www.aqualaine.be\\\/de\\\/individuell-und-mit-der-familie\\\/\",\"name\":\"Individuell und mit der familie - CTLM\",\"isPartOf\":{\"@id\":\"https:\\\/\\\/www.aqualaine.be\\\/#website\"},\"primaryImageOfPage\":{\"@id\":\"https:\\\/\\\/www.aqualaine.be\\\/de\\\/individuell-und-mit-der-familie\\\/#primaryimage\"},\"image\":{\"@id\":\"https:\\\/\\\/www.aqualaine.be\\\/de\\\/individuell-und-mit-der-familie\\\/#primaryimage\"},\"thumbnailUrl\":\"http:\\\/\\\/www.aqualaine.be\\\/wp-content\\\/uploads\\\/2014\\\/04\\\/image008.jpg\",\"datePublished\":\"2016-01-26T16:48:39+00:00\",\"dateModified\":\"2016-08-03T12:37:58+00:00\",\"breadcrumb\":{\"@id\":\"https:\\\/\\\/www.aqualaine.be\\\/de\\\/individuell-und-mit-der-familie\\\/#breadcrumb\"},\"inLanguage\":\"de\",\"potentialAction\":[{\"@type\":\"ReadAction\",\"target\":[\"https:\\\/\\\/www.aqualaine.be\\\/de\\\/individuell-und-mit-der-familie\\\/\"]}]},{\"@type\":\"ImageObject\",\"inLanguage\":\"de\",\"@id\":\"https:\\\/\\\/www.aqualaine.be\\\/de\\\/individuell-und-mit-der-familie\\\/#primaryimage\",\"url\":\"http:\\\/\\\/www.aqualaine.be\\\/wp-content\\\/uploads\\\/2014\\\/04\\\/image008.jpg\",\"contentUrl\":\"http:\\\/\\\/www.aqualaine.be\\\/wp-content\\\/uploads\\\/2014\\\/04\\\/image008.jpg\"},{\"@type\":\"BreadcrumbList\",\"@id\":\"https:\\\/\\\/www.aqualaine.be\\\/de\\\/individuell-und-mit-der-familie\\\/#breadcrumb\",\"itemListElement\":[{\"@type\":\"ListItem\",\"position\":1,\"name\":\"Accueil\",\"item\":\"https:\\\/\\\/www.aqualaine.be\\\/de\\\/\"},{\"@type\":\"ListItem\",\"position\":2,\"name\":\"Individuell und mit der familie\"}]},{\"@type\":\"WebSite\",\"@id\":\"https:\\\/\\\/www.aqualaine.be\\\/#website\",\"url\":\"https:\\\/\\\/www.aqualaine.be\\\/\",\"name\":\"CTLM\",\"description\":\"\",\"potentialAction\":[{\"@type\":\"SearchAction\",\"target\":{\"@type\":\"EntryPoint\",\"urlTemplate\":\"https:\\\/\\\/www.aqualaine.be\\\/?s={search_term_string}\"},\"query-input\":{\"@type\":\"PropertyValueSpecification\",\"valueRequired\":true,\"valueName\":\"search_term_string\"}}],\"inLanguage\":\"de\"}]}<\/script>\n<!-- \/ Yoast SEO plugin. -->","yoast_head_json":{"title":"Individuell und mit der familie - CTLM","robots":{"index":"index","follow":"follow","max-snippet":"max-snippet:-1","max-image-preview":"max-image-preview:large","max-video-preview":"max-video-preview:-1"},"canonical":"https:\/\/www.aqualaine.be\/de\/individuell-und-mit-der-familie\/","og_locale":"de_DE","og_type":"article","og_title":"Individuell und mit der familie - CTLM","og_description":"Eintauchen in die Szenografie der R\u00e4ume, die Rekonstruktion damaliger Szenerien und den Besucher willkommen hei\u00dfen, dabei die Atmosph\u00e4re der Glanzzeit [&hellip;]","og_url":"https:\/\/www.aqualaine.be\/de\/individuell-und-mit-der-familie\/","og_site_name":"CTLM","article_modified_time":"2016-08-03T12:37:58+00:00","og_image":[{"url":"http:\/\/www.aqualaine.be\/wp-content\/uploads\/2014\/04\/image008.jpg","type":"","width":"","height":""}],"twitter_card":"summary_large_image","schema":{"@context":"https:\/\/schema.org","@graph":[{"@type":"WebPage","@id":"https:\/\/www.aqualaine.be\/de\/individuell-und-mit-der-familie\/","url":"https:\/\/www.aqualaine.be\/de\/individuell-und-mit-der-familie\/","name":"Individuell und mit der familie - CTLM","isPartOf":{"@id":"https:\/\/www.aqualaine.be\/#website"},"primaryImageOfPage":{"@id":"https:\/\/www.aqualaine.be\/de\/individuell-und-mit-der-familie\/#primaryimage"},"image":{"@id":"https:\/\/www.aqualaine.be\/de\/individuell-und-mit-der-familie\/#primaryimage"},"thumbnailUrl":"http:\/\/www.aqualaine.be\/wp-content\/uploads\/2014\/04\/image008.jpg","datePublished":"2016-01-26T16:48:39+00:00","dateModified":"2016-08-03T12:37:58+00:00","breadcrumb":{"@id":"https:\/\/www.aqualaine.be\/de\/individuell-und-mit-der-familie\/#breadcrumb"},"inLanguage":"de","potentialAction":[{"@type":"ReadAction","target":["https:\/\/www.aqualaine.be\/de\/individuell-und-mit-der-familie\/"]}]},{"@type":"ImageObject","inLanguage":"de","@id":"https:\/\/www.aqualaine.be\/de\/individuell-und-mit-der-familie\/#primaryimage","url":"http:\/\/www.aqualaine.be\/wp-content\/uploads\/2014\/04\/image008.jpg","contentUrl":"http:\/\/www.aqualaine.be\/wp-content\/uploads\/2014\/04\/image008.jpg"},{"@type":"BreadcrumbList","@id":"https:\/\/www.aqualaine.be\/de\/individuell-und-mit-der-familie\/#breadcrumb","itemListElement":[{"@type":"ListItem","position":1,"name":"Accueil","item":"https:\/\/www.aqualaine.be\/de\/"},{"@type":"ListItem","position":2,"name":"Individuell und mit der familie"}]},{"@type":"WebSite","@id":"https:\/\/www.aqualaine.be\/#website","url":"https:\/\/www.aqualaine.be\/","name":"CTLM","description":"","potentialAction":[{"@type":"SearchAction","target":{"@type":"EntryPoint","urlTemplate":"https:\/\/www.aqualaine.be\/?s={search_term_string}"},"query-input":{"@type":"PropertyValueSpecification","valueRequired":true,"valueName":"search_term_string"}}],"inLanguage":"de"}]}},"_links":{"self":[{"href":"https:\/\/www.aqualaine.be\/de\/wp-json\/wp\/v2\/pages\/1546","targetHints":{"allow":["GET"]}}],"collection":[{"href":"https:\/\/www.aqualaine.be\/de\/wp-json\/wp\/v2\/pages"}],"about":[{"href":"https:\/\/www.aqualaine.be\/de\/wp-json\/wp\/v2\/types\/page"}],"author":[{"embeddable":true,"href":"https:\/\/www.aqualaine.be\/de\/wp-json\/wp\/v2\/users\/1"}],"replies":[{"embeddable":true,"href":"https:\/\/www.aqualaine.be\/de\/wp-json\/wp\/v2\/comments?post=1546"}],"version-history":[{"count":5,"href":"https:\/\/www.aqualaine.be\/de\/wp-json\/wp\/v2\/pages\/1546\/revisions"}],"predecessor-version":[{"id":1869,"href":"https:\/\/www.aqualaine.be\/de\/wp-json\/wp\/v2\/pages\/1546\/revisions\/1869"}],"wp:attachment":[{"href":"https:\/\/www.aqualaine.be\/de\/wp-json\/wp\/v2\/media?parent=1546"}],"curies":[{"name":"wp","href":"https:\/\/api.w.org\/{rel}","templated":true}]}}