{"id":1541,"date":"2016-01-26T17:45:35","date_gmt":"2016-01-26T16:45:35","guid":{"rendered":"http:\/\/www.aqualaine.be\/de\/?page_id=1541"},"modified":"2017-02-16T14:54:40","modified_gmt":"2017-02-16T13:54:40","slug":"haus-des-wassers","status":"publish","type":"page","link":"https:\/\/www.aqualaine.be\/de\/haus-des-wassers\/","title":{"rendered":"Haus des wassers"},"content":{"rendered":"<p>Auf diesem abwechslungsreichen Rundgang entdecken Sie mit audiovisuellen Medien Verviers\u2018 bevorzugte Verbindung zum Wasser und hier insbesondere die Beziehung zur Weser, ihrem Fluss.<\/p>\n<p>In diesem Zusammenhang ist ein interaktives Modell der Gileppe Talsperre besonders hervorzuheben. Die Besucher k\u00f6nnen mit einer Reihe p\u00e4dagogischer Mittel an das Thema Wasser herangehen. Des Weiteren haben sie hier die M\u00f6glichkeit, die sch\u00f6nsten Teilst\u00fccke der Weser zu \u00fcberfliegen und sich dabei \u00fcberraschende Einblicke in ihre Geschichte und die gro\u00dfen Hydraulikarbeiten zu verschaffen.<\/p>\n<p>Entlang des Flusses entdecken Sie eine Region, deren Geschichte und Bewohner, ohne die Bedeutung dieser nat\u00fcrlichen Ressource von gro\u00dfem Ausma\u00df zu vernachl\u00e4ssigen. Die Weser r\u00fcckt die Mobilisierung einer Region in den Fokus und erweckt die Lust, sich f\u00fcr zukunftsorientierte Projekte im Zusammenhang mit dem blauen Gold anzumelden.<\/p>\n","protected":false},"excerpt":{"rendered":"<p>Auf diesem abwechslungsreichen Rundgang entdecken Sie mit audiovisuellen Medien Verviers\u2018 bevorzugte Verbindung zum Wasser und hier insbesondere die Beziehung zur [&hellip;]<\/p>\n","protected":false},"author":1,"featured_media":0,"parent":0,"menu_order":53,"comment_status":"closed","ping_status":"open","template":"","meta":{"_acf_changed":false,"footnotes":""},"class_list":["post-1541","page","type-page","status-publish","hentry"],"acf":[],"yoast_head":"<!-- This site is optimized with the Yoast SEO plugin v27.3 - https:\/\/yoast.com\/product\/yoast-seo-wordpress\/ -->\n<title>Haus des wassers - CTLM<\/title>\n<meta name=\"robots\" content=\"index, follow, max-snippet:-1, max-image-preview:large, max-video-preview:-1\" \/>\n<link rel=\"canonical\" href=\"https:\/\/www.aqualaine.be\/de\/haus-des-wassers\/\" \/>\n<meta property=\"og:locale\" content=\"de_DE\" \/>\n<meta property=\"og:type\" content=\"article\" \/>\n<meta property=\"og:title\" content=\"Haus des wassers - CTLM\" \/>\n<meta property=\"og:description\" content=\"Auf diesem abwechslungsreichen Rundgang entdecken Sie mit audiovisuellen Medien Verviers\u2018 bevorzugte Verbindung zum Wasser und hier insbesondere die Beziehung zur [&hellip;]\" \/>\n<meta property=\"og:url\" content=\"https:\/\/www.aqualaine.be\/de\/haus-des-wassers\/\" \/>\n<meta property=\"og:site_name\" content=\"CTLM\" \/>\n<meta property=\"article:modified_time\" content=\"2017-02-16T13:54:40+00:00\" \/>\n<meta name=\"twitter:card\" content=\"summary_large_image\" \/>\n<meta name=\"twitter:label1\" content=\"Gesch\u00e4tzte Lesezeit\" \/>\n\t<meta name=\"twitter:data1\" content=\"1\u00a0Minute\" \/>\n<script type=\"application\/ld+json\" class=\"yoast-schema-graph\">{\"@context\":\"https:\\\/\\\/schema.org\",\"@graph\":[{\"@type\":\"WebPage\",\"@id\":\"https:\\\/\\\/www.aqualaine.be\\\/de\\\/haus-des-wassers\\\/\",\"url\":\"https:\\\/\\\/www.aqualaine.be\\\/de\\\/haus-des-wassers\\\/\",\"name\":\"Haus des wassers - CTLM\",\"isPartOf\":{\"@id\":\"https:\\\/\\\/www.aqualaine.be\\\/#website\"},\"datePublished\":\"2016-01-26T16:45:35+00:00\",\"dateModified\":\"2017-02-16T13:54:40+00:00\",\"breadcrumb\":{\"@id\":\"https:\\\/\\\/www.aqualaine.be\\\/de\\\/haus-des-wassers\\\/#breadcrumb\"},\"inLanguage\":\"de\",\"potentialAction\":[{\"@type\":\"ReadAction\",\"target\":[\"https:\\\/\\\/www.aqualaine.be\\\/de\\\/haus-des-wassers\\\/\"]}]},{\"@type\":\"BreadcrumbList\",\"@id\":\"https:\\\/\\\/www.aqualaine.be\\\/de\\\/haus-des-wassers\\\/#breadcrumb\",\"itemListElement\":[{\"@type\":\"ListItem\",\"position\":1,\"name\":\"Accueil\",\"item\":\"https:\\\/\\\/www.aqualaine.be\\\/de\\\/\"},{\"@type\":\"ListItem\",\"position\":2,\"name\":\"Haus des wassers\"}]},{\"@type\":\"WebSite\",\"@id\":\"https:\\\/\\\/www.aqualaine.be\\\/#website\",\"url\":\"https:\\\/\\\/www.aqualaine.be\\\/\",\"name\":\"CTLM\",\"description\":\"\",\"potentialAction\":[{\"@type\":\"SearchAction\",\"target\":{\"@type\":\"EntryPoint\",\"urlTemplate\":\"https:\\\/\\\/www.aqualaine.be\\\/?s={search_term_string}\"},\"query-input\":{\"@type\":\"PropertyValueSpecification\",\"valueRequired\":true,\"valueName\":\"search_term_string\"}}],\"inLanguage\":\"de\"}]}<\/script>\n<!-- \/ Yoast SEO plugin. -->","yoast_head_json":{"title":"Haus des wassers - CTLM","robots":{"index":"index","follow":"follow","max-snippet":"max-snippet:-1","max-image-preview":"max-image-preview:large","max-video-preview":"max-video-preview:-1"},"canonical":"https:\/\/www.aqualaine.be\/de\/haus-des-wassers\/","og_locale":"de_DE","og_type":"article","og_title":"Haus des wassers - CTLM","og_description":"Auf diesem abwechslungsreichen Rundgang entdecken Sie mit audiovisuellen Medien Verviers\u2018 bevorzugte Verbindung zum Wasser und hier insbesondere die Beziehung zur [&hellip;]","og_url":"https:\/\/www.aqualaine.be\/de\/haus-des-wassers\/","og_site_name":"CTLM","article_modified_time":"2017-02-16T13:54:40+00:00","twitter_card":"summary_large_image","twitter_misc":{"Gesch\u00e4tzte Lesezeit":"1\u00a0Minute"},"schema":{"@context":"https:\/\/schema.org","@graph":[{"@type":"WebPage","@id":"https:\/\/www.aqualaine.be\/de\/haus-des-wassers\/","url":"https:\/\/www.aqualaine.be\/de\/haus-des-wassers\/","name":"Haus des wassers - CTLM","isPartOf":{"@id":"https:\/\/www.aqualaine.be\/#website"},"datePublished":"2016-01-26T16:45:35+00:00","dateModified":"2017-02-16T13:54:40+00:00","breadcrumb":{"@id":"https:\/\/www.aqualaine.be\/de\/haus-des-wassers\/#breadcrumb"},"inLanguage":"de","potentialAction":[{"@type":"ReadAction","target":["https:\/\/www.aqualaine.be\/de\/haus-des-wassers\/"]}]},{"@type":"BreadcrumbList","@id":"https:\/\/www.aqualaine.be\/de\/haus-des-wassers\/#breadcrumb","itemListElement":[{"@type":"ListItem","position":1,"name":"Accueil","item":"https:\/\/www.aqualaine.be\/de\/"},{"@type":"ListItem","position":2,"name":"Haus des wassers"}]},{"@type":"WebSite","@id":"https:\/\/www.aqualaine.be\/#website","url":"https:\/\/www.aqualaine.be\/","name":"CTLM","description":"","potentialAction":[{"@type":"SearchAction","target":{"@type":"EntryPoint","urlTemplate":"https:\/\/www.aqualaine.be\/?s={search_term_string}"},"query-input":{"@type":"PropertyValueSpecification","valueRequired":true,"valueName":"search_term_string"}}],"inLanguage":"de"}]}},"_links":{"self":[{"href":"https:\/\/www.aqualaine.be\/de\/wp-json\/wp\/v2\/pages\/1541","targetHints":{"allow":["GET"]}}],"collection":[{"href":"https:\/\/www.aqualaine.be\/de\/wp-json\/wp\/v2\/pages"}],"about":[{"href":"https:\/\/www.aqualaine.be\/de\/wp-json\/wp\/v2\/types\/page"}],"author":[{"embeddable":true,"href":"https:\/\/www.aqualaine.be\/de\/wp-json\/wp\/v2\/users\/1"}],"replies":[{"embeddable":true,"href":"https:\/\/www.aqualaine.be\/de\/wp-json\/wp\/v2\/comments?post=1541"}],"version-history":[{"count":4,"href":"https:\/\/www.aqualaine.be\/de\/wp-json\/wp\/v2\/pages\/1541\/revisions"}],"predecessor-version":[{"id":2343,"href":"https:\/\/www.aqualaine.be\/de\/wp-json\/wp\/v2\/pages\/1541\/revisions\/2343"}],"wp:attachment":[{"href":"https:\/\/www.aqualaine.be\/de\/wp-json\/wp\/v2\/media?parent=1541"}],"curies":[{"name":"wp","href":"https:\/\/api.w.org\/{rel}","templated":true}]}}