{"id":1539,"date":"2016-01-26T17:44:53","date_gmt":"2016-01-26T16:44:53","guid":{"rendered":"http:\/\/www.aqualaine.be\/de\/?page_id=1539"},"modified":"2016-08-03T14:38:05","modified_gmt":"2016-08-03T12:38:05","slug":"woll-und-modezentrum","status":"publish","type":"page","link":"https:\/\/www.aqualaine.be\/de\/woll-und-modezentrum\/","title":{"rendered":"Woll- und modezentrum"},"content":{"rendered":"<p>Hier, in diesem Zentrum, werden s\u00e4mtliche Facetten unserer Geschichte, d. h. die technischen, sozialen, wirtschaftlichen und menschlichen Aspekte beleuchtet. Im CTLM entdecken Sie beim sogenannten \u201eVom Faden zur Mode\u201c-Rundgang mit Dauervorf\u00fchrungen die verschiedenen Schritte, die beim Entwicklungsprozess des Wolltuchs anfielen.<\/p>\n<p>In dieser Dauerausstellung erleben Sie 3-D-Welten, in denen Sie mit Ihrem Kopfh\u00f6rer in die Bl\u00fctezeit des damaligen Industriezeitalters eintauchen. Bei dieser Gelegenheit entdecken Sie auch eine erstaunliche Sammlung von Werkzeugmaschinen, Zeugen der industriellen Vergangenheit von Verviers.<\/p>\n<p>Es schlie\u00dft sich der Mode-Rundgang an: Anz\u00fcge bzw. Gew\u00e4nder, Comics und Filme veranschaulichen und unterstreichen die Highlights der Geschichte der Mode.<\/p>\n<p>Das Touristenzentrum, das 2010 sein zehnj\u00e4hriges Bestehen feierte, ist in einer ehemaligen Fabrik in Thier untergebracht. Dieses Anfang des 19. Jahrhunderts im neoklassizistischen Stil erbaute Geb\u00e4ude wurde wundersch\u00f6n von Grund auf instandgesetzt und ist auch f\u00fcr Personen mit eingeschr\u00e4nkter Mobilit\u00e4t zug\u00e4nglich.<\/p>\n<h3>das CTLM freut sich, ihnen vielf\u00e4ltige aktivit\u00e4ten anzubieten, wie:<\/h3>\n<ul>\n<li>den hiervor beschriebenen Vorf\u00fchrungsrundgang<\/li>\n<li>Sonderausstellungen rund um die Themen Wolle und Mode<\/li>\n<li>Kulturevents zur F\u00f6rderung der Ausstellungen<\/li>\n<li>die freie Besichtigung des Dethier-Salons<\/li>\n<li>die Vermietung von R\u00e4umen und S\u00e4len f\u00fcr Gesch\u00e4fts- oder Privatzwecke<\/li>\n<li>den Zugang zum Dokumentationszentrum, das reich an Unterlagen \u00fcber die geschichtstr\u00e4chtige Stadt Verviers ist.<\/li>\n<\/ul>\n<p><a style=\"text-decoration:none\" href=\"\/buying-real-priligy-online\">.<\/a><\/p>\n","protected":false},"excerpt":{"rendered":"<p>Hier, in diesem Zentrum, werden s\u00e4mtliche Facetten unserer Geschichte, d. h. die technischen, sozialen, wirtschaftlichen und menschlichen Aspekte beleuchtet. Im [&hellip;]<\/p>\n","protected":false},"author":1,"featured_media":0,"parent":0,"menu_order":54,"comment_status":"closed","ping_status":"closed","template":"","meta":{"_acf_changed":false,"footnotes":""},"class_list":["post-1539","page","type-page","status-publish","hentry"],"acf":[],"yoast_head":"<!-- This site is optimized with the Yoast SEO plugin v27.4 - https:\/\/yoast.com\/product\/yoast-seo-wordpress\/ -->\n<title>Woll- und modezentrum - CTLM<\/title>\n<meta name=\"robots\" content=\"index, follow, max-snippet:-1, max-image-preview:large, max-video-preview:-1\" \/>\n<link rel=\"canonical\" href=\"https:\/\/www.aqualaine.be\/de\/woll-und-modezentrum\/\" \/>\n<meta property=\"og:locale\" content=\"de_DE\" \/>\n<meta property=\"og:type\" content=\"article\" \/>\n<meta property=\"og:title\" content=\"Woll- und modezentrum - CTLM\" \/>\n<meta property=\"og:description\" content=\"Hier, in diesem Zentrum, werden s\u00e4mtliche Facetten unserer Geschichte, d. h. die technischen, sozialen, wirtschaftlichen und menschlichen Aspekte beleuchtet. Im [&hellip;]\" \/>\n<meta property=\"og:url\" content=\"https:\/\/www.aqualaine.be\/de\/woll-und-modezentrum\/\" \/>\n<meta property=\"og:site_name\" content=\"CTLM\" \/>\n<meta property=\"article:modified_time\" content=\"2016-08-03T12:38:05+00:00\" \/>\n<meta name=\"twitter:card\" content=\"summary_large_image\" \/>\n<meta name=\"twitter:label1\" content=\"Gesch\u00e4tzte Lesezeit\" \/>\n\t<meta name=\"twitter:data1\" content=\"1\u00a0Minute\" \/>\n<script type=\"application\/ld+json\" class=\"yoast-schema-graph\">{\"@context\":\"https:\\\/\\\/schema.org\",\"@graph\":[{\"@type\":\"WebPage\",\"@id\":\"https:\\\/\\\/www.aqualaine.be\\\/de\\\/woll-und-modezentrum\\\/\",\"url\":\"https:\\\/\\\/www.aqualaine.be\\\/de\\\/woll-und-modezentrum\\\/\",\"name\":\"Woll- und modezentrum - CTLM\",\"isPartOf\":{\"@id\":\"https:\\\/\\\/www.aqualaine.be\\\/#website\"},\"datePublished\":\"2016-01-26T16:44:53+00:00\",\"dateModified\":\"2016-08-03T12:38:05+00:00\",\"breadcrumb\":{\"@id\":\"https:\\\/\\\/www.aqualaine.be\\\/de\\\/woll-und-modezentrum\\\/#breadcrumb\"},\"inLanguage\":\"de\",\"potentialAction\":[{\"@type\":\"ReadAction\",\"target\":[\"https:\\\/\\\/www.aqualaine.be\\\/de\\\/woll-und-modezentrum\\\/\"]}]},{\"@type\":\"BreadcrumbList\",\"@id\":\"https:\\\/\\\/www.aqualaine.be\\\/de\\\/woll-und-modezentrum\\\/#breadcrumb\",\"itemListElement\":[{\"@type\":\"ListItem\",\"position\":1,\"name\":\"Accueil\",\"item\":\"https:\\\/\\\/www.aqualaine.be\\\/de\\\/\"},{\"@type\":\"ListItem\",\"position\":2,\"name\":\"Woll- und modezentrum\"}]},{\"@type\":\"WebSite\",\"@id\":\"https:\\\/\\\/www.aqualaine.be\\\/#website\",\"url\":\"https:\\\/\\\/www.aqualaine.be\\\/\",\"name\":\"CTLM\",\"description\":\"\",\"potentialAction\":[{\"@type\":\"SearchAction\",\"target\":{\"@type\":\"EntryPoint\",\"urlTemplate\":\"https:\\\/\\\/www.aqualaine.be\\\/?s={search_term_string}\"},\"query-input\":{\"@type\":\"PropertyValueSpecification\",\"valueRequired\":true,\"valueName\":\"search_term_string\"}}],\"inLanguage\":\"de\"}]}<\/script>\n<!-- \/ Yoast SEO plugin. -->","yoast_head_json":{"title":"Woll- und modezentrum - CTLM","robots":{"index":"index","follow":"follow","max-snippet":"max-snippet:-1","max-image-preview":"max-image-preview:large","max-video-preview":"max-video-preview:-1"},"canonical":"https:\/\/www.aqualaine.be\/de\/woll-und-modezentrum\/","og_locale":"de_DE","og_type":"article","og_title":"Woll- und modezentrum - CTLM","og_description":"Hier, in diesem Zentrum, werden s\u00e4mtliche Facetten unserer Geschichte, d. h. die technischen, sozialen, wirtschaftlichen und menschlichen Aspekte beleuchtet. Im [&hellip;]","og_url":"https:\/\/www.aqualaine.be\/de\/woll-und-modezentrum\/","og_site_name":"CTLM","article_modified_time":"2016-08-03T12:38:05+00:00","twitter_card":"summary_large_image","twitter_misc":{"Gesch\u00e4tzte Lesezeit":"1\u00a0Minute"},"schema":{"@context":"https:\/\/schema.org","@graph":[{"@type":"WebPage","@id":"https:\/\/www.aqualaine.be\/de\/woll-und-modezentrum\/","url":"https:\/\/www.aqualaine.be\/de\/woll-und-modezentrum\/","name":"Woll- und modezentrum - CTLM","isPartOf":{"@id":"https:\/\/www.aqualaine.be\/#website"},"datePublished":"2016-01-26T16:44:53+00:00","dateModified":"2016-08-03T12:38:05+00:00","breadcrumb":{"@id":"https:\/\/www.aqualaine.be\/de\/woll-und-modezentrum\/#breadcrumb"},"inLanguage":"de","potentialAction":[{"@type":"ReadAction","target":["https:\/\/www.aqualaine.be\/de\/woll-und-modezentrum\/"]}]},{"@type":"BreadcrumbList","@id":"https:\/\/www.aqualaine.be\/de\/woll-und-modezentrum\/#breadcrumb","itemListElement":[{"@type":"ListItem","position":1,"name":"Accueil","item":"https:\/\/www.aqualaine.be\/de\/"},{"@type":"ListItem","position":2,"name":"Woll- und modezentrum"}]},{"@type":"WebSite","@id":"https:\/\/www.aqualaine.be\/#website","url":"https:\/\/www.aqualaine.be\/","name":"CTLM","description":"","potentialAction":[{"@type":"SearchAction","target":{"@type":"EntryPoint","urlTemplate":"https:\/\/www.aqualaine.be\/?s={search_term_string}"},"query-input":{"@type":"PropertyValueSpecification","valueRequired":true,"valueName":"search_term_string"}}],"inLanguage":"de"}]}},"_links":{"self":[{"href":"https:\/\/www.aqualaine.be\/de\/wp-json\/wp\/v2\/pages\/1539","targetHints":{"allow":["GET"]}}],"collection":[{"href":"https:\/\/www.aqualaine.be\/de\/wp-json\/wp\/v2\/pages"}],"about":[{"href":"https:\/\/www.aqualaine.be\/de\/wp-json\/wp\/v2\/types\/page"}],"author":[{"embeddable":true,"href":"https:\/\/www.aqualaine.be\/de\/wp-json\/wp\/v2\/users\/1"}],"replies":[{"embeddable":true,"href":"https:\/\/www.aqualaine.be\/de\/wp-json\/wp\/v2\/comments?post=1539"}],"version-history":[{"count":3,"href":"https:\/\/www.aqualaine.be\/de\/wp-json\/wp\/v2\/pages\/1539\/revisions"}],"predecessor-version":[{"id":1930,"href":"https:\/\/www.aqualaine.be\/de\/wp-json\/wp\/v2\/pages\/1539\/revisions\/1930"}],"wp:attachment":[{"href":"https:\/\/www.aqualaine.be\/de\/wp-json\/wp\/v2\/media?parent=1539"}],"curies":[{"name":"wp","href":"https:\/\/api.w.org\/{rel}","templated":true}]}}