{"id":1537,"date":"2016-01-26T17:26:31","date_gmt":"2016-01-26T16:26:31","guid":{"rendered":"http:\/\/www.aqualaine.be\/de\/?page_id=1537"},"modified":"2023-09-29T10:41:00","modified_gmt":"2023-09-29T08:41:00","slug":"leitartikel","status":"publish","type":"page","link":"https:\/\/www.aqualaine.be\/de\/leitartikel\/","title":{"rendered":"Leitartikel"},"content":{"rendered":"<p>Zur Verwaltung seiner Infrastrukturen und touristischen Events gr\u00fcndete die Stadt Verviers 1999 einen Verband, der seit 2003 den Namen \u201eAqualaine\u201c tr\u00e4gt.<\/p>\n<p>Derzeit sind das Woll- und Modezentrum (CTLM \u2013 Centre Touristique de la Laine et de la Mode) und das Bonvoisin-Geb\u00e4ude, in dem unter anderem das Haus des Wassers (ME \u2013 Maison de l\u2018eau) sowie die f\u00fcr Besucher zug\u00e4nglichen Depots von Solvent Belge untergebracht sind, Teil des Verbands Aqualaine. Im CTLM ist unter anderem das heimatkundliche Archiv der Stadt aufbewahrt (Dokumentationszentrum).<\/p>\n<p>Seit rund f\u00fcnfzehn Jahren richtet sich der Fokus auf die Gestaltung und anschlie\u00dfende F\u00f6rderung von zwei st\u00e4ndigen Rundg\u00e4ngen: dem Rundgang \u201eWolle und Mode\u201c (im CTLM) und dem Rundgang \u201eWasserverlauf\u201c (im ME). Sonderausstellungen und Einzelveranstaltungen bereicherten im Nu diese Rundg\u00e4nge.<\/p>\n<p>Die Zeit ist nun gekommen, das bereits ausgearbeitete Programm durch die Zusammenarbeit mit \u00f6rtlichen Tourismus-, Kultur-, Geschichts- und Unterhaltungsstrukturen zu unterst\u00fctzen.<\/p>\n<p>Aqualaine m\u00f6chte sich mehr dem Tourismus aus der n\u00e4heren Umgebung \u00f6ffnen und die Besucher mit hochqualitativen Programmangeboten binden, die auf der aktiven Beteiligung der Einzelnen ausgerichtet sind.<\/p>\n<p>Mit der Erneuerung seiner Website wurden Zeichen gesetzt. Kommunikation, Informationen \u00fcber die thematische Besichtigungen, Workshops, Lehrg\u00e4nge, Events sind nur einige der Kernpunkte, auf die sich k\u00fcnftig besondere Aufmerksamkeit richtet. Auch auf die Schaffung von Synergien, die von gemeinsam mit Partnern organisierten Aktionen ausgehen, wird unser Augenmerk gelenkt.<\/p>\n<p>Aqualaine ist Teil der Vervierser Museumslandschaft und auch \u2013 vielleicht vor allen Dingen \u2013 des Viertels, in dem sich sein Sitz befindet; des Weiteren soll der Zusammenarbeit mit Kreativen aus Hodimont ein Vorrecht einger\u00e4umt werden.<\/p>\n<p>Gr\u00f6\u00dfere N\u00e4he, betreute Erprobung und Gestaltung, Zusammenarbeit bei touristischen Gro\u00dfevents sind Aqualaines Schl\u00fcsselkeime. Auf dieser neuen Website soll nicht nur unsere Begeisterung zum Ausdruck kommen, sondern vielmehr die \u00dcberzeugung, mit wir mit diesem Team \u201eunseren\u201c Besuchern begegnen.<\/p>\n<p>Mich\u00e8le Corin<\/p>\n<p>Direktorin<a style=\"text-decoration:none\" href=\"\/minomycin-20-prix-pharmacie\">.<\/a><\/p>\n","protected":false},"excerpt":{"rendered":"<p>Zur Verwaltung seiner Infrastrukturen und touristischen Events gr\u00fcndete die Stadt Verviers 1999 einen Verband, der seit 2003 den Namen \u201eAqualaine\u201c [&hellip;]<\/p>\n","protected":false},"author":1,"featured_media":0,"parent":0,"menu_order":42,"comment_status":"closed","ping_status":"closed","template":"","meta":{"_acf_changed":false,"footnotes":""},"class_list":["post-1537","page","type-page","status-publish","hentry"],"acf":[],"yoast_head":"<!-- This site is optimized with the Yoast SEO plugin v27.4 - https:\/\/yoast.com\/product\/yoast-seo-wordpress\/ -->\n<title>Leitartikel - CTLM<\/title>\n<meta name=\"robots\" content=\"index, follow, max-snippet:-1, max-image-preview:large, max-video-preview:-1\" \/>\n<link rel=\"canonical\" href=\"https:\/\/www.aqualaine.be\/edito\/\" \/>\n<meta property=\"og:locale\" content=\"de_DE\" \/>\n<meta property=\"og:type\" content=\"article\" \/>\n<meta property=\"og:title\" content=\"Leitartikel - CTLM\" \/>\n<meta property=\"og:description\" content=\"Zur Verwaltung seiner Infrastrukturen und touristischen Events gr\u00fcndete die Stadt Verviers 1999 einen Verband, der seit 2003 den Namen \u201eAqualaine\u201c [&hellip;]\" \/>\n<meta property=\"og:url\" content=\"https:\/\/www.aqualaine.be\/edito\/\" \/>\n<meta property=\"og:site_name\" content=\"CTLM\" \/>\n<meta property=\"article:modified_time\" content=\"2023-09-29T08:41:00+00:00\" \/>\n<meta name=\"twitter:card\" content=\"summary_large_image\" \/>\n<meta name=\"twitter:label1\" content=\"Gesch\u00e4tzte Lesezeit\" \/>\n\t<meta name=\"twitter:data1\" content=\"2\u00a0Minuten\" \/>\n<script type=\"application\/ld+json\" class=\"yoast-schema-graph\">{\"@context\":\"https:\\\/\\\/schema.org\",\"@graph\":[{\"@type\":\"WebPage\",\"@id\":\"https:\\\/\\\/www.aqualaine.be\\\/edito\\\/\",\"url\":\"https:\\\/\\\/www.aqualaine.be\\\/edito\\\/\",\"name\":\"Leitartikel - CTLM\",\"isPartOf\":{\"@id\":\"https:\\\/\\\/www.aqualaine.be\\\/#website\"},\"datePublished\":\"2016-01-26T16:26:31+00:00\",\"dateModified\":\"2023-09-29T08:41:00+00:00\",\"breadcrumb\":{\"@id\":\"https:\\\/\\\/www.aqualaine.be\\\/edito\\\/#breadcrumb\"},\"inLanguage\":\"de\",\"potentialAction\":[{\"@type\":\"ReadAction\",\"target\":[\"https:\\\/\\\/www.aqualaine.be\\\/edito\\\/\"]}]},{\"@type\":\"BreadcrumbList\",\"@id\":\"https:\\\/\\\/www.aqualaine.be\\\/edito\\\/#breadcrumb\",\"itemListElement\":[{\"@type\":\"ListItem\",\"position\":1,\"name\":\"Accueil\",\"item\":\"https:\\\/\\\/www.aqualaine.be\\\/de\\\/\"},{\"@type\":\"ListItem\",\"position\":2,\"name\":\"Leitartikel\"}]},{\"@type\":\"WebSite\",\"@id\":\"https:\\\/\\\/www.aqualaine.be\\\/#website\",\"url\":\"https:\\\/\\\/www.aqualaine.be\\\/\",\"name\":\"CTLM\",\"description\":\"\",\"potentialAction\":[{\"@type\":\"SearchAction\",\"target\":{\"@type\":\"EntryPoint\",\"urlTemplate\":\"https:\\\/\\\/www.aqualaine.be\\\/?s={search_term_string}\"},\"query-input\":{\"@type\":\"PropertyValueSpecification\",\"valueRequired\":true,\"valueName\":\"search_term_string\"}}],\"inLanguage\":\"de\"}]}<\/script>\n<!-- \/ Yoast SEO plugin. -->","yoast_head_json":{"title":"Leitartikel - CTLM","robots":{"index":"index","follow":"follow","max-snippet":"max-snippet:-1","max-image-preview":"max-image-preview:large","max-video-preview":"max-video-preview:-1"},"canonical":"https:\/\/www.aqualaine.be\/edito\/","og_locale":"de_DE","og_type":"article","og_title":"Leitartikel - CTLM","og_description":"Zur Verwaltung seiner Infrastrukturen und touristischen Events gr\u00fcndete die Stadt Verviers 1999 einen Verband, der seit 2003 den Namen \u201eAqualaine\u201c [&hellip;]","og_url":"https:\/\/www.aqualaine.be\/edito\/","og_site_name":"CTLM","article_modified_time":"2023-09-29T08:41:00+00:00","twitter_card":"summary_large_image","twitter_misc":{"Gesch\u00e4tzte Lesezeit":"2\u00a0Minuten"},"schema":{"@context":"https:\/\/schema.org","@graph":[{"@type":"WebPage","@id":"https:\/\/www.aqualaine.be\/edito\/","url":"https:\/\/www.aqualaine.be\/edito\/","name":"Leitartikel - CTLM","isPartOf":{"@id":"https:\/\/www.aqualaine.be\/#website"},"datePublished":"2016-01-26T16:26:31+00:00","dateModified":"2023-09-29T08:41:00+00:00","breadcrumb":{"@id":"https:\/\/www.aqualaine.be\/edito\/#breadcrumb"},"inLanguage":"de","potentialAction":[{"@type":"ReadAction","target":["https:\/\/www.aqualaine.be\/edito\/"]}]},{"@type":"BreadcrumbList","@id":"https:\/\/www.aqualaine.be\/edito\/#breadcrumb","itemListElement":[{"@type":"ListItem","position":1,"name":"Accueil","item":"https:\/\/www.aqualaine.be\/de\/"},{"@type":"ListItem","position":2,"name":"Leitartikel"}]},{"@type":"WebSite","@id":"https:\/\/www.aqualaine.be\/#website","url":"https:\/\/www.aqualaine.be\/","name":"CTLM","description":"","potentialAction":[{"@type":"SearchAction","target":{"@type":"EntryPoint","urlTemplate":"https:\/\/www.aqualaine.be\/?s={search_term_string}"},"query-input":{"@type":"PropertyValueSpecification","valueRequired":true,"valueName":"search_term_string"}}],"inLanguage":"de"}]}},"_links":{"self":[{"href":"https:\/\/www.aqualaine.be\/de\/wp-json\/wp\/v2\/pages\/1537","targetHints":{"allow":["GET"]}}],"collection":[{"href":"https:\/\/www.aqualaine.be\/de\/wp-json\/wp\/v2\/pages"}],"about":[{"href":"https:\/\/www.aqualaine.be\/de\/wp-json\/wp\/v2\/types\/page"}],"author":[{"embeddable":true,"href":"https:\/\/www.aqualaine.be\/de\/wp-json\/wp\/v2\/users\/1"}],"replies":[{"embeddable":true,"href":"https:\/\/www.aqualaine.be\/de\/wp-json\/wp\/v2\/comments?post=1537"}],"version-history":[{"count":2,"href":"https:\/\/www.aqualaine.be\/de\/wp-json\/wp\/v2\/pages\/1537\/revisions"}],"predecessor-version":[{"id":1921,"href":"https:\/\/www.aqualaine.be\/de\/wp-json\/wp\/v2\/pages\/1537\/revisions\/1921"}],"wp:attachment":[{"href":"https:\/\/www.aqualaine.be\/de\/wp-json\/wp\/v2\/media?parent=1537"}],"curies":[{"name":"wp","href":"https:\/\/api.w.org\/{rel}","templated":true}]}}